{"id":1812,"date":"2023-02-27T18:21:47","date_gmt":"2023-02-27T17:21:47","guid":{"rendered":"https:\/\/www.ibericospefran.com\/?page_id=1812"},"modified":"2023-07-13T13:08:03","modified_gmt":"2023-07-13T11:08:03","slug":"cana-de-lomo-pefran-maestro","status":"publish","type":"page","link":"https:\/\/www.ibericospefran.com\/fr\/nuestra-despensa\/cana-de-lomo-pefran-maestro\/","title":{"rendered":"Ca\u00f1a de Lomo \u2018Pefr\u00e1n Maestro\u2019"},"content":{"rendered":"<div data-elementor-type=\"wp-page\" data-elementor-id=\"1812\" class=\"elementor elementor-1812\" data-elementor-post-type=\"page\">\n\t\t\t\t\t\t<section class=\"elementor-section elementor-top-section elementor-element elementor-element-76da062 elementor-section-boxed elementor-section-height-default elementor-section-height-default\" data-id=\"76da062\" data-element_type=\"section\" data-e-type=\"section\">\n\t\t\t\t\t\t<div class=\"elementor-container elementor-column-gap-default\">\n\t\t\t\t\t<div class=\"elementor-column elementor-col-100 elementor-top-column elementor-element elementor-element-b70938f\" data-id=\"b70938f\" data-element_type=\"column\" data-e-type=\"column\">\n\t\t\t<div class=\"elementor-widget-wrap elementor-element-populated\">\n\t\t\t\t\t\t<div class=\"elementor-element elementor-element-93470cd elementor-widget elementor-widget-heading\" data-id=\"93470cd\" data-element_type=\"widget\" data-e-type=\"widget\" data-widget_type=\"heading.default\">\n\t\t\t\t<div class=\"elementor-widget-container\">\n\t\t\t\t\t<h2 class=\"elementor-heading-title elementor-size-default\">Ca\u00f1a de Lomo de cebo ib\u00e9rico \u2018Pefr\u00e1n Maestro\u2019<\/h2>\t\t\t\t<\/div>\n\t\t\t\t<\/div>\n\t\t\t\t<div class=\"elementor-element elementor-element-18114e3 elementor-widget elementor-widget-heading\" data-id=\"18114e3\" data-element_type=\"widget\" data-e-type=\"widget\" data-widget_type=\"heading.default\">\n\t\t\t\t<div class=\"elementor-widget-container\">\n\t\t\t\t\t<p class=\"elementor-heading-title elementor-size-default\">(Ca\u00f1a de Lomo cebo ib\u00e9rico seleccionado)<\/p>\t\t\t\t<\/div>\n\t\t\t\t<\/div>\n\t\t\t\t<div class=\"elementor-element elementor-element-a147f9a elementor-widget elementor-widget-text-editor\" data-id=\"a147f9a\" data-element_type=\"widget\" data-e-type=\"widget\" data-widget_type=\"text-editor.default\">\n\t\t\t\t<div class=\"elementor-widget-container\">\n\t\t\t\t\t\t\t\t\tPi\u00e8ce noble enti\u00e8re marin\u00e9e selon la recette traditionnelle avec du paprika, du sel, de l'ail et de l'origan. \u00c0 la coupe, le produit s\u00e9ch\u00e9 pr\u00e9sente une couleur ros\u00e9e \u00e0 rouge violac\u00e9e et un aspect marbr\u00e9 et brillant d\u00fb \u00e0 la graisse infiltr\u00e9e, ce qui le rend tr\u00e8s juteux.\t\t\t\t\t\t\t\t<\/div>\n\t\t\t\t<\/div>\n\t\t\t\t\t<\/div>\n\t\t<\/div>\n\t\t\t\t\t<\/div>\n\t\t<\/section>\n\t\t\t\t<section class=\"elementor-section elementor-top-section elementor-element elementor-element-2beedc93 elementor-section-boxed elementor-section-height-default elementor-section-height-default\" data-id=\"2beedc93\" data-element_type=\"section\" data-e-type=\"section\">\n\t\t\t\t\t\t<div class=\"elementor-container elementor-column-gap-default\">\n\t\t\t\t\t<div class=\"elementor-column elementor-col-100 elementor-top-column elementor-element elementor-element-101918c5\" data-id=\"101918c5\" data-element_type=\"column\" data-e-type=\"column\">\n\t\t\t<div class=\"elementor-widget-wrap elementor-element-populated\">\n\t\t\t\t\t\t<section class=\"elementor-section elementor-inner-section elementor-element elementor-element-505884c8 elementor-section-boxed elementor-section-height-default elementor-section-height-default\" data-id=\"505884c8\" data-element_type=\"section\" data-e-type=\"section\">\n\t\t\t\t\t\t<div class=\"elementor-container elementor-column-gap-default\">\n\t\t\t\t\t<div class=\"elementor-column elementor-col-25 elementor-inner-column elementor-element elementor-element-7535e0a8\" data-id=\"7535e0a8\" data-element_type=\"column\" data-e-type=\"column\">\n\t\t\t<div class=\"elementor-widget-wrap elementor-element-populated\">\n\t\t\t\t\t\t<div class=\"elementor-element elementor-element-5056d8b9 elementor-widget elementor-widget-image\" data-id=\"5056d8b9\" data-element_type=\"widget\" data-e-type=\"widget\" data-widget_type=\"image.default\">\n\t\t\t\t<div class=\"elementor-widget-container\">\n\t\t\t\t\t\t\t\t\t\t\t\t\t\t\t<img decoding=\"async\" width=\"270\" height=\"90\" src=\"https:\/\/www.ibericospefran.com\/wp-content\/uploads\/2023\/02\/sin-gluten.jpg\" class=\"attachment-large size-large wp-image-1826\" alt=\"\" srcset=\"https:\/\/www.ibericospefran.com\/wp-content\/uploads\/2023\/02\/sin-gluten.jpg 270w, https:\/\/www.ibericospefran.com\/wp-content\/uploads\/2023\/02\/sin-gluten-18x6.jpg 18w\" sizes=\"(max-width: 270px) 100vw, 270px\" \/>\t\t\t\t\t\t\t\t\t\t\t\t\t\t\t<\/div>\n\t\t\t\t<\/div>\n\t\t\t\t\t<\/div>\n\t\t<\/div>\n\t\t\t\t<div class=\"elementor-column elementor-col-25 elementor-inner-column elementor-element elementor-element-25d864da\" data-id=\"25d864da\" data-element_type=\"column\" data-e-type=\"column\">\n\t\t\t<div class=\"elementor-widget-wrap elementor-element-populated\">\n\t\t\t\t\t\t<div class=\"elementor-element elementor-element-62523143 elementor-widget elementor-widget-image\" data-id=\"62523143\" data-element_type=\"widget\" data-e-type=\"widget\" data-widget_type=\"image.default\">\n\t\t\t\t<div class=\"elementor-widget-container\">\n\t\t\t\t\t\t\t\t\t\t\t\t\t\t\t<img decoding=\"async\" width=\"270\" height=\"90\" src=\"https:\/\/www.ibericospefran.com\/wp-content\/uploads\/2023\/02\/sin-lactosa.jpg\" class=\"attachment-large size-large wp-image-1827\" alt=\"\" srcset=\"https:\/\/www.ibericospefran.com\/wp-content\/uploads\/2023\/02\/sin-lactosa.jpg 270w, https:\/\/www.ibericospefran.com\/wp-content\/uploads\/2023\/02\/sin-lactosa-18x6.jpg 18w\" sizes=\"(max-width: 270px) 100vw, 270px\" \/>\t\t\t\t\t\t\t\t\t\t\t\t\t\t\t<\/div>\n\t\t\t\t<\/div>\n\t\t\t\t\t<\/div>\n\t\t<\/div>\n\t\t\t\t<div class=\"elementor-column elementor-col-25 elementor-inner-column elementor-element elementor-element-49b308bc\" data-id=\"49b308bc\" data-element_type=\"column\" data-e-type=\"column\">\n\t\t\t<div class=\"elementor-widget-wrap elementor-element-populated\">\n\t\t\t\t\t\t<div class=\"elementor-element elementor-element-2aa6b311 elementor-widget elementor-widget-image\" data-id=\"2aa6b311\" data-element_type=\"widget\" data-e-type=\"widget\" data-widget_type=\"image.default\">\n\t\t\t\t<div class=\"elementor-widget-container\">\n\t\t\t\t\t\t\t\t\t\t\t\t\t\t\t<img decoding=\"async\" width=\"270\" height=\"90\" src=\"https:\/\/www.ibericospefran.com\/wp-content\/uploads\/2023\/02\/sin-colorantes.jpg\" class=\"attachment-large size-large wp-image-1825\" alt=\"\" srcset=\"https:\/\/www.ibericospefran.com\/wp-content\/uploads\/2023\/02\/sin-colorantes.jpg 270w, https:\/\/www.ibericospefran.com\/wp-content\/uploads\/2023\/02\/sin-colorantes-18x6.jpg 18w\" sizes=\"(max-width: 270px) 100vw, 270px\" \/>\t\t\t\t\t\t\t\t\t\t\t\t\t\t\t<\/div>\n\t\t\t\t<\/div>\n\t\t\t\t\t<\/div>\n\t\t<\/div>\n\t\t\t\t<div class=\"elementor-column elementor-col-25 elementor-inner-column elementor-element elementor-element-d8884e9\" data-id=\"d8884e9\" data-element_type=\"column\" data-e-type=\"column\">\n\t\t\t<div class=\"elementor-widget-wrap elementor-element-populated\">\n\t\t\t\t\t\t<div class=\"elementor-element elementor-element-7219125 elementor-widget elementor-widget-image\" data-id=\"7219125\" data-element_type=\"widget\" data-e-type=\"widget\" data-widget_type=\"image.default\">\n\t\t\t\t<div class=\"elementor-widget-container\">\n\t\t\t\t\t\t\t\t\t\t\t\t\t\t\t<img loading=\"lazy\" decoding=\"async\" width=\"270\" height=\"90\" src=\"https:\/\/www.ibericospefran.com\/wp-content\/uploads\/2023\/02\/con-aceite-de-oliva-2.jpg\" class=\"attachment-large size-large wp-image-1873\" alt=\"\" srcset=\"https:\/\/www.ibericospefran.com\/wp-content\/uploads\/2023\/02\/con-aceite-de-oliva-2.jpg 270w, https:\/\/www.ibericospefran.com\/wp-content\/uploads\/2023\/02\/con-aceite-de-oliva-2-18x6.jpg 18w\" sizes=\"(max-width: 270px) 100vw, 270px\" \/>\t\t\t\t\t\t\t\t\t\t\t\t\t\t\t<\/div>\n\t\t\t\t<\/div>\n\t\t\t\t\t<\/div>\n\t\t<\/div>\n\t\t\t\t\t<\/div>\n\t\t<\/section>\n\t\t\t\t\t<\/div>\n\t\t<\/div>\n\t\t\t\t\t<\/div>\n\t\t<\/section>\n\t\t\t\t<section class=\"elementor-section elementor-top-section elementor-element elementor-element-e527d98 elementor-section-boxed elementor-section-height-default elementor-section-height-default\" data-id=\"e527d98\" data-element_type=\"section\" data-e-type=\"section\">\n\t\t\t\t\t\t<div class=\"elementor-container elementor-column-gap-default\">\n\t\t\t\t\t<div class=\"elementor-column elementor-col-33 elementor-top-column elementor-element elementor-element-77d9103 elementor-hidden-mobile\" data-id=\"77d9103\" data-element_type=\"column\" data-e-type=\"column\">\n\t\t\t<div class=\"elementor-widget-wrap\">\n\t\t\t\t\t\t\t<\/div>\n\t\t<\/div>\n\t\t\t\t<div class=\"elementor-column elementor-col-33 elementor-top-column elementor-element elementor-element-6660b1e\" data-id=\"6660b1e\" data-element_type=\"column\" data-e-type=\"column\">\n\t\t\t<div class=\"elementor-widget-wrap elementor-element-populated\">\n\t\t\t\t\t\t<div class=\"elementor-element elementor-element-5ab5869 uael-woo--align-center uael-sale-flash-circle uael-featured-flash-circle elementor-widget elementor-widget-uael-woo-products\" data-id=\"5ab5869\" data-element_type=\"widget\" data-e-type=\"widget\" data-settings=\"{&quot;products_columns&quot;:&quot;1&quot;,&quot;products_columns_tablet&quot;:&quot;3&quot;,&quot;products_columns_mobile&quot;:&quot;1&quot;}\" data-widget_type=\"uael-woo-products.grid-default\">\n\t\t\t\t<div class=\"elementor-widget-container\">\n\t\t\t\t\t<div class=\"uael-woocommerce uael-woo-products-grid uael-woo-skin-grid-default uael-woo-query-manual\" data-page=\"1812\" data-skin=\"grid_default\"><div class=\"columns-1 uael-woo-products-inner uael-woo-product__column-1 uael-woo-product__column-tablet-3 uael-woo-product__column-mobile-1\"><ul class=\"products columns-1\">\n\n<li class=\"lomo cebo ib\u00e9rico pefr\u00e1n herencia post-1493 product first instock taxable shipping-taxable product-type-simple\">\n\t<div class=\"uael-woo-product-wrapper\">\n\t\t<div class=\"uael-woo-products-thumbnail-wrap\"><div class=\"uael-flash-container\"><\/div><a href=\"https:\/\/www.ibericospefran.com\/fr\/iberico\/cana-de-lomo-pefran-maestro\/\" class=\"woocommerce-LoopProduct-link woocommerce-loop-product__link\"><img loading=\"lazy\" decoding=\"async\" width=\"300\" height=\"300\" src=\"https:\/\/www.ibericospefran.com\/wp-content\/uploads\/2023\/02\/CANA-DE-LOMO-PEFRAN-MAESTRO-VACIO-300x300.png\" class=\"attachment-woocommerce_thumbnail size-woocommerce_thumbnail\" alt=\"CANA-DE-LOMO-PEFRAN-MAESTRO-VACIO\" srcset=\"https:\/\/www.ibericospefran.com\/wp-content\/uploads\/2023\/02\/CANA-DE-LOMO-PEFRAN-MAESTRO-VACIO-300x300.png 300w, https:\/\/www.ibericospefran.com\/wp-content\/uploads\/2023\/02\/CANA-DE-LOMO-PEFRAN-MAESTRO-VACIO-1024x1024.png 1024w, https:\/\/www.ibericospefran.com\/wp-content\/uploads\/2023\/02\/CANA-DE-LOMO-PEFRAN-MAESTRO-VACIO-150x150.png 150w, https:\/\/www.ibericospefran.com\/wp-content\/uploads\/2023\/02\/CANA-DE-LOMO-PEFRAN-MAESTRO-VACIO-768x768.png 768w, https:\/\/www.ibericospefran.com\/wp-content\/uploads\/2023\/02\/CANA-DE-LOMO-PEFRAN-MAESTRO-VACIO-12x12.png 12w, https:\/\/www.ibericospefran.com\/wp-content\/uploads\/2023\/02\/CANA-DE-LOMO-PEFRAN-MAESTRO-VACIO-600x600.png 600w, https:\/\/www.ibericospefran.com\/wp-content\/uploads\/2023\/02\/CANA-DE-LOMO-PEFRAN-MAESTRO-VACIO-100x100.png 100w, https:\/\/www.ibericospefran.com\/wp-content\/uploads\/2023\/02\/CANA-DE-LOMO-PEFRAN-MAESTRO-VACIO.png 1200w\" sizes=\"(max-width: 300px) 100vw, 300px\" \/><\/a><\/div><div class=\"uael-woo-products-summary-wrap\">\t\t\t<span class=\"uael-woo-product-category\">\n\t\t\t\tLomo cebo ib\u00e9rico\t\t\t<\/span> \n\t\t\t<a href=\"https:\/\/www.ibericospefran.com\/fr\/iberico\/cana-de-lomo-pefran-maestro\/\" class=\"uael-loop-product__link\"><h2 class=\"woocommerce-loop-product__title\">Ca\u00f1a de Lomo de cebo ib\u00e9rico seleccionado &#8216;Pefr\u00e1n Maestro&#8217;<\/h2><\/a><\/div>\t<\/div>\n<\/li>\n<\/ul>\n<\/div><\/div>\t\t\t\t<\/div>\n\t\t\t\t<\/div>\n\t\t\t\t\t<\/div>\n\t\t<\/div>\n\t\t\t\t<div class=\"elementor-column elementor-col-33 elementor-top-column elementor-element elementor-element-e86bc7a elementor-hidden-mobile\" data-id=\"e86bc7a\" data-element_type=\"column\" data-e-type=\"column\">\n\t\t\t<div class=\"elementor-widget-wrap\">\n\t\t\t\t\t\t\t<\/div>\n\t\t<\/div>\n\t\t\t\t\t<\/div>\n\t\t<\/section>\n\t\t\t\t<\/div>","protected":false},"excerpt":{"rendered":"<p>Ca\u00f1a de Lomo de cebo ib\u00e9rico \u2018Pefr\u00e1n Maestro\u2019 (Ca\u00f1a de Lomo cebo ib\u00e9rico seleccionado) Pieza noble entera adobada seg\u00fan la receta tradicional con piment\u00f3n, sal, &hellip;<\/p>\n<p class=\"read-more\"> <a class=\"\" href=\"https:\/\/www.ibericospefran.com\/fr\/iberico\/cana-de-lomo-pefran-maestro\/\"> <span class=\"screen-reader-text\">Ca\u00f1a de Lomo de cebo ib\u00e9rico seleccionado &#8216;Pefr\u00e1n Maestro&#8217;<\/span> Lire la suite\u00a0\u00bb<\/a><\/p>","protected":false},"author":1,"featured_media":0,"parent":6,"menu_order":0,"comment_status":"closed","ping_status":"closed","template":"","meta":{"_acf_changed":false,"site-sidebar-layout":"no-sidebar","site-content-layout":"page-builder","ast-global-header-display":"","ast-banner-title-visibility":"","ast-main-header-display":"","ast-hfb-above-header-display":"","ast-hfb-below-header-display":"","ast-hfb-mobile-header-display":"","site-post-title":"disabled","ast-breadcrumbs-content":"","ast-featured-img":"","footer-sml-layout":"","theme-transparent-header-meta":"","adv-header-id-meta":"","stick-header-meta":"","header-above-stick-meta":"","header-main-stick-meta":"","header-below-stick-meta":"","footnotes":""},"class_list":["post-1812","page","type-page","status-publish","hentry","desktop-align-center","tablet-align-center","mobile-align-center","ast-product-gallery-layout-vertical","ast-product-gallery-with-no-image","ast-magnify-disabled"],"acf":[],"yoast_head":"<!-- This site is optimized with the Yoast SEO plugin v21.8 - https:\/\/yoast.com\/wordpress\/plugins\/seo\/ -->\n<title>Ca\u00f1a de Lomo \u2018Pefr\u00e1n Maestro\u2019 - Pefran<\/title>\n<meta name=\"robots\" content=\"index, follow, max-snippet:-1, max-image-preview:large, max-video-preview:-1\" \/>\n<link rel=\"canonical\" href=\"https:\/\/www.ibericospefran.com\/fr\/nuestra-despensa\/cana-de-lomo-pefran-maestro\/\" \/>\n<meta property=\"og:locale\" content=\"fr_FR\" \/>\n<meta property=\"og:type\" content=\"article\" \/>\n<meta property=\"og:title\" content=\"Ca\u00f1a de Lomo \u2018Pefr\u00e1n Maestro\u2019 - Pefran\" \/>\n<meta property=\"og:description\" content=\"Ca\u00f1a de Lomo de cebo ib\u00e9rico \u2018Pefr\u00e1n Maestro\u2019 (Ca\u00f1a de Lomo cebo ib\u00e9rico seleccionado) Pieza noble entera adobada seg\u00fan la receta tradicional con piment\u00f3n, sal, &hellip; Ca\u00f1a de Lomo de cebo ib\u00e9rico seleccionado &#8216;Pefr\u00e1n Maestro&#8217; Lire la suite\u00a0\u00bb\" \/>\n<meta property=\"og:url\" content=\"https:\/\/www.ibericospefran.com\/fr\/nuestra-despensa\/cana-de-lomo-pefran-maestro\/\" \/>\n<meta property=\"og:site_name\" content=\"Pefran\" \/>\n<meta property=\"article:publisher\" content=\"https:\/\/www.facebook.com\/ibericospefran\" \/>\n<meta property=\"article:modified_time\" content=\"2023-07-13T11:08:03+00:00\" \/>\n<meta property=\"og:image\" content=\"https:\/\/www.ibericospefran.com\/wp-content\/uploads\/2023\/02\/sin-gluten.jpg\" \/>\n<meta name=\"twitter:card\" content=\"summary_large_image\" \/>\n<meta name=\"twitter:label1\" content=\"Dur\u00e9e de lecture estim\u00e9e\" \/>\n\t<meta name=\"twitter:data1\" content=\"2 minutes\" \/>\n<script type=\"application\/ld+json\" class=\"yoast-schema-graph\">{\"@context\":\"https:\/\/schema.org\",\"@graph\":[{\"@type\":\"WebPage\",\"@id\":\"https:\/\/www.ibericospefran.com\/nuestra-despensa\/cana-de-lomo-pefran-maestro\/\",\"url\":\"https:\/\/www.ibericospefran.com\/nuestra-despensa\/cana-de-lomo-pefran-maestro\/\",\"name\":\"Ca\u00f1a de Lomo \u2018Pefr\u00e1n Maestro\u2019 - Pefran\",\"isPartOf\":{\"@id\":\"https:\/\/www.ibericospefran.com\/#website\"},\"datePublished\":\"2023-02-27T17:21:47+00:00\",\"dateModified\":\"2023-07-13T11:08:03+00:00\",\"breadcrumb\":{\"@id\":\"https:\/\/www.ibericospefran.com\/nuestra-despensa\/cana-de-lomo-pefran-maestro\/#breadcrumb\"},\"inLanguage\":\"fr-FR\",\"potentialAction\":[{\"@type\":\"ReadAction\",\"target\":[\"https:\/\/www.ibericospefran.com\/nuestra-despensa\/cana-de-lomo-pefran-maestro\/\"]}]},{\"@type\":\"BreadcrumbList\",\"@id\":\"https:\/\/www.ibericospefran.com\/nuestra-despensa\/cana-de-lomo-pefran-maestro\/#breadcrumb\",\"itemListElement\":[{\"@type\":\"ListItem\",\"position\":1,\"name\":\"Portada\",\"item\":\"https:\/\/www.ibericospefran.com\/\"},{\"@type\":\"ListItem\",\"position\":2,\"name\":\"Nuestra despensa\",\"item\":\"https:\/\/www.ibericospefran.com\/nuestra-despensa\/\"},{\"@type\":\"ListItem\",\"position\":3,\"name\":\"Ca\u00f1a de Lomo \u2018Pefr\u00e1n Maestro\u2019\"}]},{\"@type\":\"WebSite\",\"@id\":\"https:\/\/www.ibericospefran.com\/#website\",\"url\":\"https:\/\/www.ibericospefran.com\/\",\"name\":\"Ib\u00e9ricos Pefr\u00e1n\",\"description\":\"Embutidos ib\u00e9ricos\",\"publisher\":{\"@id\":\"https:\/\/www.ibericospefran.com\/#organization\"},\"potentialAction\":[{\"@type\":\"SearchAction\",\"target\":{\"@type\":\"EntryPoint\",\"urlTemplate\":\"https:\/\/www.ibericospefran.com\/?s={search_term_string}\"},\"query-input\":\"required name=search_term_string\"}],\"inLanguage\":\"fr-FR\"},{\"@type\":\"Organization\",\"@id\":\"https:\/\/www.ibericospefran.com\/#organization\",\"name\":\"Ib\u00e9ricos Pefr\u00e1n\",\"url\":\"https:\/\/www.ibericospefran.com\/\",\"logo\":{\"@type\":\"ImageObject\",\"inLanguage\":\"fr-FR\",\"@id\":\"https:\/\/www.ibericospefran.com\/#\/schema\/logo\/image\/\",\"url\":\"https:\/\/www.ibericospefran.com\/wp-content\/uploads\/2022\/11\/Logo_PEFRAN_naturalmente.svg\",\"contentUrl\":\"https:\/\/www.ibericospefran.com\/wp-content\/uploads\/2022\/11\/Logo_PEFRAN_naturalmente.svg\",\"width\":100,\"height\":100,\"caption\":\"Ib\u00e9ricos Pefr\u00e1n\"},\"image\":{\"@id\":\"https:\/\/www.ibericospefran.com\/#\/schema\/logo\/image\/\"},\"sameAs\":[\"https:\/\/www.facebook.com\/ibericospefran\",\"https:\/\/www.linkedin.com\/company\/ibericos-pefran\",\"https:\/\/www.instagram.com\/ibericospefran\/\"]}]}<\/script>\n<!-- \/ Yoast SEO plugin. -->","yoast_head_json":{"title":"Ca\u00f1a de Lomo \u2018Pefr\u00e1n Maestro\u2019 - Pefran","robots":{"index":"index","follow":"follow","max-snippet":"max-snippet:-1","max-image-preview":"max-image-preview:large","max-video-preview":"max-video-preview:-1"},"canonical":"https:\/\/www.ibericospefran.com\/fr\/nuestra-despensa\/cana-de-lomo-pefran-maestro\/","og_locale":"fr_FR","og_type":"article","og_title":"Ca\u00f1a de Lomo \u2018Pefr\u00e1n Maestro\u2019 - Pefran","og_description":"Ca\u00f1a de Lomo de cebo ib\u00e9rico \u2018Pefr\u00e1n Maestro\u2019 (Ca\u00f1a de Lomo cebo ib\u00e9rico seleccionado) Pieza noble entera adobada seg\u00fan la receta tradicional con piment\u00f3n, sal, &hellip; Ca\u00f1a de Lomo de cebo ib\u00e9rico seleccionado &#8216;Pefr\u00e1n Maestro&#8217; Lire la suite\u00a0\u00bb","og_url":"https:\/\/www.ibericospefran.com\/fr\/nuestra-despensa\/cana-de-lomo-pefran-maestro\/","og_site_name":"Pefran","article_publisher":"https:\/\/www.facebook.com\/ibericospefran","article_modified_time":"2023-07-13T11:08:03+00:00","og_image":[{"url":"https:\/\/www.ibericospefran.com\/wp-content\/uploads\/2023\/02\/sin-gluten.jpg"}],"twitter_card":"summary_large_image","twitter_misc":{"Dur\u00e9e de lecture estim\u00e9e":"2 minutes"},"schema":{"@context":"https:\/\/schema.org","@graph":[{"@type":"WebPage","@id":"https:\/\/www.ibericospefran.com\/nuestra-despensa\/cana-de-lomo-pefran-maestro\/","url":"https:\/\/www.ibericospefran.com\/nuestra-despensa\/cana-de-lomo-pefran-maestro\/","name":"Ca\u00f1a de Lomo \u2018Pefr\u00e1n Maestro\u2019 - Pefran","isPartOf":{"@id":"https:\/\/www.ibericospefran.com\/#website"},"datePublished":"2023-02-27T17:21:47+00:00","dateModified":"2023-07-13T11:08:03+00:00","breadcrumb":{"@id":"https:\/\/www.ibericospefran.com\/nuestra-despensa\/cana-de-lomo-pefran-maestro\/#breadcrumb"},"inLanguage":"fr-FR","potentialAction":[{"@type":"ReadAction","target":["https:\/\/www.ibericospefran.com\/nuestra-despensa\/cana-de-lomo-pefran-maestro\/"]}]},{"@type":"BreadcrumbList","@id":"https:\/\/www.ibericospefran.com\/nuestra-despensa\/cana-de-lomo-pefran-maestro\/#breadcrumb","itemListElement":[{"@type":"ListItem","position":1,"name":"Portada","item":"https:\/\/www.ibericospefran.com\/"},{"@type":"ListItem","position":2,"name":"Nuestra despensa","item":"https:\/\/www.ibericospefran.com\/nuestra-despensa\/"},{"@type":"ListItem","position":3,"name":"Ca\u00f1a de Lomo \u2018Pefr\u00e1n Maestro\u2019"}]},{"@type":"WebSite","@id":"https:\/\/www.ibericospefran.com\/#website","url":"https:\/\/www.ibericospefran.com\/","name":"Ib\u00e9ricos Pefr\u00e1n","description":"Embutidos ib\u00e9ricos","publisher":{"@id":"https:\/\/www.ibericospefran.com\/#organization"},"potentialAction":[{"@type":"SearchAction","target":{"@type":"EntryPoint","urlTemplate":"https:\/\/www.ibericospefran.com\/?s={search_term_string}"},"query-input":"required name=search_term_string"}],"inLanguage":"fr-FR"},{"@type":"Organization","@id":"https:\/\/www.ibericospefran.com\/#organization","name":"Ib\u00e9ricos Pefr\u00e1n","url":"https:\/\/www.ibericospefran.com\/","logo":{"@type":"ImageObject","inLanguage":"fr-FR","@id":"https:\/\/www.ibericospefran.com\/#\/schema\/logo\/image\/","url":"https:\/\/www.ibericospefran.com\/wp-content\/uploads\/2022\/11\/Logo_PEFRAN_naturalmente.svg","contentUrl":"https:\/\/www.ibericospefran.com\/wp-content\/uploads\/2022\/11\/Logo_PEFRAN_naturalmente.svg","width":100,"height":100,"caption":"Ib\u00e9ricos Pefr\u00e1n"},"image":{"@id":"https:\/\/www.ibericospefran.com\/#\/schema\/logo\/image\/"},"sameAs":["https:\/\/www.facebook.com\/ibericospefran","https:\/\/www.linkedin.com\/company\/ibericos-pefran","https:\/\/www.instagram.com\/ibericospefran\/"]}]}},"_links":{"self":[{"href":"https:\/\/www.ibericospefran.com\/fr\/wp-json\/wp\/v2\/pages\/1812","targetHints":{"allow":["GET"]}}],"collection":[{"href":"https:\/\/www.ibericospefran.com\/fr\/wp-json\/wp\/v2\/pages"}],"about":[{"href":"https:\/\/www.ibericospefran.com\/fr\/wp-json\/wp\/v2\/types\/page"}],"author":[{"embeddable":true,"href":"https:\/\/www.ibericospefran.com\/fr\/wp-json\/wp\/v2\/users\/1"}],"replies":[{"embeddable":true,"href":"https:\/\/www.ibericospefran.com\/fr\/wp-json\/wp\/v2\/comments?post=1812"}],"version-history":[{"count":40,"href":"https:\/\/www.ibericospefran.com\/fr\/wp-json\/wp\/v2\/pages\/1812\/revisions"}],"predecessor-version":[{"id":2609,"href":"https:\/\/www.ibericospefran.com\/fr\/wp-json\/wp\/v2\/pages\/1812\/revisions\/2609"}],"up":[{"embeddable":true,"href":"https:\/\/www.ibericospefran.com\/fr\/wp-json\/wp\/v2\/pages\/6"}],"wp:attachment":[{"href":"https:\/\/www.ibericospefran.com\/fr\/wp-json\/wp\/v2\/media?parent=1812"}],"curies":[{"name":"wp","href":"https:\/\/api.w.org\/{rel}","templated":true}]}}