{"id":951,"date":"2023-02-08T13:07:02","date_gmt":"2023-02-08T12:07:02","guid":{"rendered":"https:\/\/www.ibericospefran.com\/?post_type=product&#038;p=951"},"modified":"2025-04-23T17:45:24","modified_gmt":"2025-04-23T15:45:24","slug":"salchichon-cular-extra-iberico","status":"publish","type":"product","link":"https:\/\/www.ibericospefran.com\/en\/iberico\/salchichon-cular-extra-iberico\/","title":{"rendered":"Salchich\u00f3n cular &#8216;Pefr\u00e1n Maestro&#8217;"},"content":{"rendered":"","protected":false},"excerpt":{"rendered":"<p><strong>Salchich\u00f3n cular &#8216;Pefr\u00e1n Maestro&#8217;<\/strong><\/p>\n<p>6 months of curing.<\/p>\n<p><strong>FORMAT<\/strong>:<\/p>\n<ul>\n<li><img decoding=\"async\" src=\"https:\/\/www.ibericospefran.com\/wp-content\/uploads\/2025\/04\/ICONO4.svg\" alt=\"empaque\" width=\"30\" \/> Piezas enteras o 1\/2 Piezas al vac\u00edo.<\/li>\n<li><img decoding=\"async\" src=\"https:\/\/www.ibericospefran.com\/wp-content\/uploads\/2025\/04\/ICONO-2.svg\" alt=\"caja\" width=\"30\" \/> Caja de 3\/6 piezas.<\/li>\n<li><img decoding=\"async\" src=\"https:\/\/www.ibericospefran.com\/wp-content\/uploads\/2025\/04\/ICONO-1.svg\" alt=\"peso\" width=\"30\" \/> Peso aprox. de 3.5-4 kg<\/li>\n<\/ul>","protected":false},"featured_media":2027,"template":"","meta":{"_acf_changed":false,"site-sidebar-layout":"default","site-content-layout":"default","ast-global-header-display":"","ast-banner-title-visibility":"","ast-main-header-display":"","ast-hfb-above-header-display":"","ast-hfb-below-header-display":"","ast-hfb-mobile-header-display":"","site-post-title":"","ast-breadcrumbs-content":"","ast-featured-img":"","footer-sml-layout":"","theme-transparent-header-meta":"default","adv-header-id-meta":"","stick-header-meta":"default","header-above-stick-meta":"","header-main-stick-meta":"","header-below-stick-meta":""},"product_brand":[27],"product_cat":[21],"product_tag":[],"class_list":{"0":"post-951","1":"product","2":"type-product","3":"status-publish","4":"has-post-thumbnail","6":"product_brand-pefran-herencia","7":"product_cat-embutidos-ibericos","8":"product_shipping_class-precio-fijo-de-envio","9":"desktop-align-center","10":"tablet-align-center","11":"mobile-align-center","12":"ast-product-gallery-layout-vertical","13":"ast-magnify-disabled","15":"first","16":"instock","17":"taxable","18":"shipping-taxable","19":"purchasable","20":"product-type-simple"},"acf":[],"yoast_head":"<!-- This site is optimized with the Yoast SEO plugin v21.8 - https:\/\/yoast.com\/wordpress\/plugins\/seo\/ -->\n<title>Salchich\u00f3n cular &#039;Pefr\u00e1n Maestro&#039; - Pefran<\/title>\n<meta name=\"robots\" content=\"index, follow, max-snippet:-1, max-image-preview:large, max-video-preview:-1\" \/>\n<link rel=\"canonical\" href=\"https:\/\/www.ibericospefran.com\/en\/iberico\/salchichon-cular-extra-iberico\/\" \/>\n<meta property=\"og:locale\" content=\"en_GB\" \/>\n<meta property=\"og:type\" content=\"article\" \/>\n<meta property=\"og:title\" content=\"Salchich\u00f3n cular &#039;Pefr\u00e1n Maestro&#039; - Pefran\" \/>\n<meta property=\"og:description\" content=\"Salchich\u00f3n cular &#039;Pefr\u00e1n Maestro&#039;  6 meses de curaci\u00f3n  FORMATO:    Piezas enteras o 1\/2 Piezas al vac\u00edo.   Caja de 3\/6 piezas.   Peso aprox. de 3.5-4 kg\" \/>\n<meta property=\"og:url\" content=\"https:\/\/www.ibericospefran.com\/en\/iberico\/salchichon-cular-extra-iberico\/\" \/>\n<meta property=\"og:site_name\" content=\"Pefran\" \/>\n<meta property=\"article:publisher\" content=\"https:\/\/www.facebook.com\/ibericospefran\" \/>\n<meta property=\"article:modified_time\" content=\"2025-04-23T15:45:24+00:00\" \/>\n<meta property=\"og:image\" content=\"https:\/\/www.ibericospefran.com\/wp-content\/uploads\/2023\/02\/SALCHICHON-PEFRAN-MAESTRO-CULAR-VACIO.png\" \/>\n\t<meta property=\"og:image:width\" content=\"1200\" \/>\n\t<meta property=\"og:image:height\" content=\"1200\" \/>\n\t<meta property=\"og:image:type\" content=\"image\/png\" \/>\n<meta name=\"twitter:card\" content=\"summary_large_image\" \/>\n<meta name=\"twitter:label1\" content=\"Estimated reading time\" \/>\n\t<meta name=\"twitter:data1\" content=\"1 minute\" \/>\n<script type=\"application\/ld+json\" class=\"yoast-schema-graph\">{\"@context\":\"https:\/\/schema.org\",\"@graph\":[{\"@type\":\"WebPage\",\"@id\":\"https:\/\/www.ibericospefran.com\/iberico\/salchichon-cular-extra-iberico\/\",\"url\":\"https:\/\/www.ibericospefran.com\/iberico\/salchichon-cular-extra-iberico\/\",\"name\":\"Salchich\u00f3n cular 'Pefr\u00e1n Maestro' - Pefran\",\"isPartOf\":{\"@id\":\"https:\/\/www.ibericospefran.com\/#website\"},\"datePublished\":\"2023-02-08T12:07:02+00:00\",\"dateModified\":\"2025-04-23T15:45:24+00:00\",\"breadcrumb\":{\"@id\":\"https:\/\/www.ibericospefran.com\/iberico\/salchichon-cular-extra-iberico\/#breadcrumb\"},\"inLanguage\":\"en-GB\",\"potentialAction\":[{\"@type\":\"ReadAction\",\"target\":[\"https:\/\/www.ibericospefran.com\/iberico\/salchichon-cular-extra-iberico\/\"]}]},{\"@type\":\"BreadcrumbList\",\"@id\":\"https:\/\/www.ibericospefran.com\/iberico\/salchichon-cular-extra-iberico\/#breadcrumb\",\"itemListElement\":[{\"@type\":\"ListItem\",\"position\":1,\"name\":\"Portada\",\"item\":\"https:\/\/www.ibericospefran.com\/\"},{\"@type\":\"ListItem\",\"position\":2,\"name\":\"Tienda\",\"item\":\"https:\/\/www.ibericospefran.com\/tienda\/\"},{\"@type\":\"ListItem\",\"position\":3,\"name\":\"Salchich\u00f3n cular &#8216;Pefr\u00e1n Maestro&#8217;\"}]},{\"@type\":\"WebSite\",\"@id\":\"https:\/\/www.ibericospefran.com\/#website\",\"url\":\"https:\/\/www.ibericospefran.com\/\",\"name\":\"Ib\u00e9ricos Pefr\u00e1n\",\"description\":\"Embutidos ib\u00e9ricos\",\"publisher\":{\"@id\":\"https:\/\/www.ibericospefran.com\/#organization\"},\"potentialAction\":[{\"@type\":\"SearchAction\",\"target\":{\"@type\":\"EntryPoint\",\"urlTemplate\":\"https:\/\/www.ibericospefran.com\/?s={search_term_string}\"},\"query-input\":\"required name=search_term_string\"}],\"inLanguage\":\"en-GB\"},{\"@type\":\"Organization\",\"@id\":\"https:\/\/www.ibericospefran.com\/#organization\",\"name\":\"Ib\u00e9ricos Pefr\u00e1n\",\"url\":\"https:\/\/www.ibericospefran.com\/\",\"logo\":{\"@type\":\"ImageObject\",\"inLanguage\":\"en-GB\",\"@id\":\"https:\/\/www.ibericospefran.com\/#\/schema\/logo\/image\/\",\"url\":\"https:\/\/www.ibericospefran.com\/wp-content\/uploads\/2022\/11\/Logo_PEFRAN_naturalmente.svg\",\"contentUrl\":\"https:\/\/www.ibericospefran.com\/wp-content\/uploads\/2022\/11\/Logo_PEFRAN_naturalmente.svg\",\"width\":100,\"height\":100,\"caption\":\"Ib\u00e9ricos Pefr\u00e1n\"},\"image\":{\"@id\":\"https:\/\/www.ibericospefran.com\/#\/schema\/logo\/image\/\"},\"sameAs\":[\"https:\/\/www.facebook.com\/ibericospefran\",\"https:\/\/www.linkedin.com\/company\/ibericos-pefran\",\"https:\/\/www.instagram.com\/ibericospefran\/\"]}]}<\/script>\n<!-- \/ Yoast SEO plugin. -->","yoast_head_json":{"title":"Salchich\u00f3n cular 'Pefr\u00e1n Maestro' - Pefran","robots":{"index":"index","follow":"follow","max-snippet":"max-snippet:-1","max-image-preview":"max-image-preview:large","max-video-preview":"max-video-preview:-1"},"canonical":"https:\/\/www.ibericospefran.com\/en\/iberico\/salchichon-cular-extra-iberico\/","og_locale":"en_GB","og_type":"article","og_title":"Salchich\u00f3n cular 'Pefr\u00e1n Maestro' - Pefran","og_description":"Salchich\u00f3n cular 'Pefr\u00e1n Maestro'  6 meses de curaci\u00f3n  FORMATO:    Piezas enteras o 1\/2 Piezas al vac\u00edo.   Caja de 3\/6 piezas.   Peso aprox. de 3.5-4 kg","og_url":"https:\/\/www.ibericospefran.com\/en\/iberico\/salchichon-cular-extra-iberico\/","og_site_name":"Pefran","article_publisher":"https:\/\/www.facebook.com\/ibericospefran","article_modified_time":"2025-04-23T15:45:24+00:00","og_image":[{"width":1200,"height":1200,"url":"https:\/\/www.ibericospefran.com\/wp-content\/uploads\/2023\/02\/SALCHICHON-PEFRAN-MAESTRO-CULAR-VACIO.png","type":"image\/png"}],"twitter_card":"summary_large_image","twitter_misc":{"Estimated reading time":"1 minute"},"schema":{"@context":"https:\/\/schema.org","@graph":[{"@type":"WebPage","@id":"https:\/\/www.ibericospefran.com\/iberico\/salchichon-cular-extra-iberico\/","url":"https:\/\/www.ibericospefran.com\/iberico\/salchichon-cular-extra-iberico\/","name":"Salchich\u00f3n cular 'Pefr\u00e1n Maestro' - Pefran","isPartOf":{"@id":"https:\/\/www.ibericospefran.com\/#website"},"datePublished":"2023-02-08T12:07:02+00:00","dateModified":"2025-04-23T15:45:24+00:00","breadcrumb":{"@id":"https:\/\/www.ibericospefran.com\/iberico\/salchichon-cular-extra-iberico\/#breadcrumb"},"inLanguage":"en-GB","potentialAction":[{"@type":"ReadAction","target":["https:\/\/www.ibericospefran.com\/iberico\/salchichon-cular-extra-iberico\/"]}]},{"@type":"BreadcrumbList","@id":"https:\/\/www.ibericospefran.com\/iberico\/salchichon-cular-extra-iberico\/#breadcrumb","itemListElement":[{"@type":"ListItem","position":1,"name":"Portada","item":"https:\/\/www.ibericospefran.com\/"},{"@type":"ListItem","position":2,"name":"Tienda","item":"https:\/\/www.ibericospefran.com\/tienda\/"},{"@type":"ListItem","position":3,"name":"Salchich\u00f3n cular &#8216;Pefr\u00e1n Maestro&#8217;"}]},{"@type":"WebSite","@id":"https:\/\/www.ibericospefran.com\/#website","url":"https:\/\/www.ibericospefran.com\/","name":"Ib\u00e9ricos Pefr\u00e1n","description":"Embutidos ib\u00e9ricos","publisher":{"@id":"https:\/\/www.ibericospefran.com\/#organization"},"potentialAction":[{"@type":"SearchAction","target":{"@type":"EntryPoint","urlTemplate":"https:\/\/www.ibericospefran.com\/?s={search_term_string}"},"query-input":"required name=search_term_string"}],"inLanguage":"en-GB"},{"@type":"Organization","@id":"https:\/\/www.ibericospefran.com\/#organization","name":"Ib\u00e9ricos Pefr\u00e1n","url":"https:\/\/www.ibericospefran.com\/","logo":{"@type":"ImageObject","inLanguage":"en-GB","@id":"https:\/\/www.ibericospefran.com\/#\/schema\/logo\/image\/","url":"https:\/\/www.ibericospefran.com\/wp-content\/uploads\/2022\/11\/Logo_PEFRAN_naturalmente.svg","contentUrl":"https:\/\/www.ibericospefran.com\/wp-content\/uploads\/2022\/11\/Logo_PEFRAN_naturalmente.svg","width":100,"height":100,"caption":"Ib\u00e9ricos Pefr\u00e1n"},"image":{"@id":"https:\/\/www.ibericospefran.com\/#\/schema\/logo\/image\/"},"sameAs":["https:\/\/www.facebook.com\/ibericospefran","https:\/\/www.linkedin.com\/company\/ibericos-pefran","https:\/\/www.instagram.com\/ibericospefran\/"]}]}},"_links":{"self":[{"href":"https:\/\/www.ibericospefran.com\/en\/wp-json\/wp\/v2\/product\/951","targetHints":{"allow":["GET"]}}],"collection":[{"href":"https:\/\/www.ibericospefran.com\/en\/wp-json\/wp\/v2\/product"}],"about":[{"href":"https:\/\/www.ibericospefran.com\/en\/wp-json\/wp\/v2\/types\/product"}],"wp:featuredmedia":[{"embeddable":true,"href":"https:\/\/www.ibericospefran.com\/en\/wp-json\/wp\/v2\/media\/2027"}],"wp:attachment":[{"href":"https:\/\/www.ibericospefran.com\/en\/wp-json\/wp\/v2\/media?parent=951"}],"wp:term":[{"taxonomy":"product_brand","embeddable":true,"href":"https:\/\/www.ibericospefran.com\/en\/wp-json\/wp\/v2\/product_brand?post=951"},{"taxonomy":"product_cat","embeddable":true,"href":"https:\/\/www.ibericospefran.com\/en\/wp-json\/wp\/v2\/product_cat?post=951"},{"taxonomy":"product_tag","embeddable":true,"href":"https:\/\/www.ibericospefran.com\/en\/wp-json\/wp\/v2\/product_tag?post=951"}],"curies":[{"name":"wp","href":"https:\/\/api.w.org\/{rel}","templated":true}]}}