{"id":1790,"date":"2023-02-27T17:58:55","date_gmt":"2023-02-27T16:58:55","guid":{"rendered":"https:\/\/www.ibericospefran.com\/?page_id=1790"},"modified":"2023-03-02T09:02:07","modified_gmt":"2023-03-02T08:02:07","slug":"chorizo-pefran-maestro","status":"publish","type":"page","link":"https:\/\/www.ibericospefran.com\/en\/nuestra-despensa\/chorizo-pefran-maestro\/","title":{"rendered":"Chorizo &#8216;Pefr\u00e1n Maestro&#8217;"},"content":{"rendered":"<div data-elementor-type=\"wp-page\" data-elementor-id=\"1790\" class=\"elementor elementor-1790\" data-elementor-post-type=\"page\">\n\t\t\t\t\t\t<section class=\"elementor-section elementor-top-section elementor-element elementor-element-107c76a elementor-section-boxed elementor-section-height-default elementor-section-height-default\" data-id=\"107c76a\" data-element_type=\"section\" data-e-type=\"section\">\n\t\t\t\t\t\t<div class=\"elementor-container elementor-column-gap-default\">\n\t\t\t\t\t<div class=\"elementor-column elementor-col-100 elementor-top-column elementor-element elementor-element-afa69aa\" data-id=\"afa69aa\" data-element_type=\"column\" data-e-type=\"column\">\n\t\t\t<div class=\"elementor-widget-wrap elementor-element-populated\">\n\t\t\t\t\t\t<div class=\"elementor-element elementor-element-afb6d18 elementor-widget elementor-widget-heading\" data-id=\"afb6d18\" data-element_type=\"widget\" data-e-type=\"widget\" data-widget_type=\"heading.default\">\n\t\t\t\t<div class=\"elementor-widget-container\">\n\t\t\t\t\t<h2 class=\"elementor-heading-title elementor-size-default\">Chorizo 'Pefr\u00e1n Maestro'<\/h2>\t\t\t\t<\/div>\n\t\t\t\t<\/div>\n\t\t\t\t<div class=\"elementor-element elementor-element-3726785 elementor-widget elementor-widget-text-editor\" data-id=\"3726785\" data-element_type=\"widget\" data-e-type=\"widget\" data-widget_type=\"text-editor.default\">\n\t\t\t\t<div class=\"elementor-widget-container\">\n\t\t\t\t\t\t\t\t\t(Chorizo cular bellota extra ib\u00e9rico)\t\t\t\t\t\t\t\t<\/div>\n\t\t\t\t<\/div>\n\t\t\t\t<div class=\"elementor-element elementor-element-e66dfb5 elementor-widget elementor-widget-text-editor\" data-id=\"e66dfb5\" data-element_type=\"widget\" data-e-type=\"widget\" data-widget_type=\"text-editor.default\">\n\t\t\t\t<div class=\"elementor-widget-container\">\n\t\t\t\t\t\t\t\t\t<p><span style=\"font-style: inherit; font-weight: inherit; background-color: var(--ast-global-color-5); color: var(--ast-global-color-1);\">Made with extra quality Iberian lean meat, paprika, salt, garlic, and oregano, and following a traditional method, we obtain a product with an incomparable flavor and aroma that has been awarded internationally.<\/span><\/p>\t\t\t\t\t\t\t\t<\/div>\n\t\t\t\t<\/div>\n\t\t\t\t<section class=\"elementor-section elementor-inner-section elementor-element elementor-element-77b5842 elementor-section-boxed elementor-section-height-default elementor-section-height-default\" data-id=\"77b5842\" data-element_type=\"section\" data-e-type=\"section\">\n\t\t\t\t\t\t<div class=\"elementor-container elementor-column-gap-default\">\n\t\t\t\t\t<div class=\"elementor-column elementor-col-25 elementor-inner-column elementor-element elementor-element-c88ee65\" data-id=\"c88ee65\" data-element_type=\"column\" data-e-type=\"column\">\n\t\t\t<div class=\"elementor-widget-wrap elementor-element-populated\">\n\t\t\t\t\t\t<div class=\"elementor-element elementor-element-dc16964 elementor-widget elementor-widget-image\" data-id=\"dc16964\" data-element_type=\"widget\" data-e-type=\"widget\" data-widget_type=\"image.default\">\n\t\t\t\t<div class=\"elementor-widget-container\">\n\t\t\t\t\t\t\t\t\t\t\t\t\t\t\t<img decoding=\"async\" width=\"270\" height=\"90\" src=\"https:\/\/www.ibericospefran.com\/wp-content\/uploads\/2023\/02\/sin-gluten.jpg\" class=\"attachment-large size-large wp-image-1826\" alt=\"\" srcset=\"https:\/\/www.ibericospefran.com\/wp-content\/uploads\/2023\/02\/sin-gluten.jpg 270w, https:\/\/www.ibericospefran.com\/wp-content\/uploads\/2023\/02\/sin-gluten-18x6.jpg 18w\" sizes=\"(max-width: 270px) 100vw, 270px\" \/>\t\t\t\t\t\t\t\t\t\t\t\t\t\t\t<\/div>\n\t\t\t\t<\/div>\n\t\t\t\t\t<\/div>\n\t\t<\/div>\n\t\t\t\t<div class=\"elementor-column elementor-col-25 elementor-inner-column elementor-element elementor-element-d54c2d9\" data-id=\"d54c2d9\" data-element_type=\"column\" data-e-type=\"column\">\n\t\t\t<div class=\"elementor-widget-wrap elementor-element-populated\">\n\t\t\t\t\t\t<div class=\"elementor-element elementor-element-75ed129d elementor-widget elementor-widget-image\" data-id=\"75ed129d\" data-element_type=\"widget\" data-e-type=\"widget\" data-widget_type=\"image.default\">\n\t\t\t\t<div class=\"elementor-widget-container\">\n\t\t\t\t\t\t\t\t\t\t\t\t\t\t\t<img decoding=\"async\" width=\"270\" height=\"90\" src=\"https:\/\/www.ibericospefran.com\/wp-content\/uploads\/2023\/02\/sin-lactosa.jpg\" class=\"attachment-large size-large wp-image-1827\" alt=\"\" srcset=\"https:\/\/www.ibericospefran.com\/wp-content\/uploads\/2023\/02\/sin-lactosa.jpg 270w, https:\/\/www.ibericospefran.com\/wp-content\/uploads\/2023\/02\/sin-lactosa-18x6.jpg 18w\" sizes=\"(max-width: 270px) 100vw, 270px\" \/>\t\t\t\t\t\t\t\t\t\t\t\t\t\t\t<\/div>\n\t\t\t\t<\/div>\n\t\t\t\t\t<\/div>\n\t\t<\/div>\n\t\t\t\t<div class=\"elementor-column elementor-col-25 elementor-inner-column elementor-element elementor-element-dd89c20\" data-id=\"dd89c20\" data-element_type=\"column\" data-e-type=\"column\">\n\t\t\t<div class=\"elementor-widget-wrap elementor-element-populated\">\n\t\t\t\t\t\t<div class=\"elementor-element elementor-element-79663b28 elementor-widget elementor-widget-image\" data-id=\"79663b28\" data-element_type=\"widget\" data-e-type=\"widget\" data-widget_type=\"image.default\">\n\t\t\t\t<div class=\"elementor-widget-container\">\n\t\t\t\t\t\t\t\t\t\t\t\t\t\t\t<img decoding=\"async\" width=\"270\" height=\"90\" src=\"https:\/\/www.ibericospefran.com\/wp-content\/uploads\/2023\/02\/sin-colorantes.jpg\" class=\"attachment-large size-large wp-image-1825\" alt=\"\" srcset=\"https:\/\/www.ibericospefran.com\/wp-content\/uploads\/2023\/02\/sin-colorantes.jpg 270w, https:\/\/www.ibericospefran.com\/wp-content\/uploads\/2023\/02\/sin-colorantes-18x6.jpg 18w\" sizes=\"(max-width: 270px) 100vw, 270px\" \/>\t\t\t\t\t\t\t\t\t\t\t\t\t\t\t<\/div>\n\t\t\t\t<\/div>\n\t\t\t\t\t<\/div>\n\t\t<\/div>\n\t\t\t\t<div class=\"elementor-column elementor-col-25 elementor-inner-column elementor-element elementor-element-7a4b7e9\" data-id=\"7a4b7e9\" data-element_type=\"column\" data-e-type=\"column\">\n\t\t\t<div class=\"elementor-widget-wrap elementor-element-populated\">\n\t\t\t\t\t\t<div class=\"elementor-element elementor-element-97e01d elementor-widget elementor-widget-image\" data-id=\"97e01d\" data-element_type=\"widget\" data-e-type=\"widget\" data-widget_type=\"image.default\">\n\t\t\t\t<div class=\"elementor-widget-container\">\n\t\t\t\t\t\t\t\t\t\t\t\t\t\t\t<img loading=\"lazy\" decoding=\"async\" width=\"270\" height=\"90\" src=\"https:\/\/www.ibericospefran.com\/wp-content\/uploads\/2023\/02\/con-aceite-de-oliva-2.jpg\" class=\"attachment-large size-large wp-image-1873\" alt=\"\" srcset=\"https:\/\/www.ibericospefran.com\/wp-content\/uploads\/2023\/02\/con-aceite-de-oliva-2.jpg 270w, https:\/\/www.ibericospefran.com\/wp-content\/uploads\/2023\/02\/con-aceite-de-oliva-2-18x6.jpg 18w\" sizes=\"(max-width: 270px) 100vw, 270px\" \/>\t\t\t\t\t\t\t\t\t\t\t\t\t\t\t<\/div>\n\t\t\t\t<\/div>\n\t\t\t\t\t<\/div>\n\t\t<\/div>\n\t\t\t\t\t<\/div>\n\t\t<\/section>\n\t\t\t\t\t<\/div>\n\t\t<\/div>\n\t\t\t\t\t<\/div>\n\t\t<\/section>\n\t\t\t\t<section class=\"elementor-section elementor-top-section elementor-element elementor-element-e358030 elementor-section-boxed elementor-section-height-default elementor-section-height-default\" data-id=\"e358030\" data-element_type=\"section\" data-e-type=\"section\">\n\t\t\t\t\t\t<div class=\"elementor-container elementor-column-gap-default\">\n\t\t\t\t\t<div class=\"elementor-column elementor-col-33 elementor-top-column elementor-element elementor-element-9c6b6a2 elementor-hidden-mobile\" data-id=\"9c6b6a2\" data-element_type=\"column\" data-e-type=\"column\">\n\t\t\t<div class=\"elementor-widget-wrap\">\n\t\t\t\t\t\t\t<\/div>\n\t\t<\/div>\n\t\t\t\t<div class=\"elementor-column elementor-col-33 elementor-top-column elementor-element elementor-element-e228c88\" data-id=\"e228c88\" data-element_type=\"column\" data-e-type=\"column\">\n\t\t\t<div class=\"elementor-widget-wrap elementor-element-populated\">\n\t\t\t\t\t\t<div class=\"elementor-element elementor-element-5dec35d uael-woo-mobile--align-center uael-woo--align-left uael-sale-flash-circle uael-featured-flash-circle elementor-widget elementor-widget-uael-woo-products\" data-id=\"5dec35d\" data-element_type=\"widget\" data-e-type=\"widget\" data-settings=\"{&quot;products_columns&quot;:&quot;1&quot;,&quot;products_columns_tablet&quot;:&quot;3&quot;,&quot;products_columns_mobile&quot;:&quot;1&quot;}\" data-widget_type=\"uael-woo-products.grid-default\">\n\t\t\t\t<div class=\"elementor-widget-container\">\n\t\t\t\t\t<div class=\"uael-woocommerce uael-woo-products-grid uael-woo-skin-grid-default uael-woo-query-manual\" data-page=\"1790\" data-skin=\"grid_default\"><div class=\"columns-1 uael-woo-products-inner uael-woo-product__column-1 uael-woo-product__column-tablet-3 uael-woo-product__column-mobile-1\"><ul class=\"products columns-1\">\n\n<li class=\"embutidos ib\u00e9ricos pefr\u00e1n maestro post-956 product first instock taxable shipping-taxable purchasable product-type-simple\">\n\t<div class=\"uael-woo-product-wrapper\">\n\t\t<div class=\"uael-woo-products-thumbnail-wrap\"><div class=\"uael-flash-container\"><\/div><a href=\"https:\/\/www.ibericospefran.com\/en\/iberico\/chorizo-cular-extra-iberico-de-bellota\/\" class=\"woocommerce-LoopProduct-link woocommerce-loop-product__link\"><img loading=\"lazy\" decoding=\"async\" width=\"300\" height=\"300\" src=\"https:\/\/www.ibericospefran.com\/wp-content\/uploads\/2023\/02\/CHORIZO-PEFRAN-MAESTRO-CULAR-VACIO-300x300.png\" class=\"attachment-woocommerce_thumbnail size-woocommerce_thumbnail\" alt=\"CHORIZO PEFR\u00c1N MAESTRO CULAR VACIO\" srcset=\"https:\/\/www.ibericospefran.com\/wp-content\/uploads\/2023\/02\/CHORIZO-PEFRAN-MAESTRO-CULAR-VACIO-300x300.png 300w, https:\/\/www.ibericospefran.com\/wp-content\/uploads\/2023\/02\/CHORIZO-PEFRAN-MAESTRO-CULAR-VACIO-1024x1024.png 1024w, https:\/\/www.ibericospefran.com\/wp-content\/uploads\/2023\/02\/CHORIZO-PEFRAN-MAESTRO-CULAR-VACIO-150x150.png 150w, https:\/\/www.ibericospefran.com\/wp-content\/uploads\/2023\/02\/CHORIZO-PEFRAN-MAESTRO-CULAR-VACIO-768x768.png 768w, https:\/\/www.ibericospefran.com\/wp-content\/uploads\/2023\/02\/CHORIZO-PEFRAN-MAESTRO-CULAR-VACIO-12x12.png 12w, https:\/\/www.ibericospefran.com\/wp-content\/uploads\/2023\/02\/CHORIZO-PEFRAN-MAESTRO-CULAR-VACIO-600x600.png 600w, https:\/\/www.ibericospefran.com\/wp-content\/uploads\/2023\/02\/CHORIZO-PEFRAN-MAESTRO-CULAR-VACIO-100x100.png 100w, https:\/\/www.ibericospefran.com\/wp-content\/uploads\/2023\/02\/CHORIZO-PEFRAN-MAESTRO-CULAR-VACIO.png 1200w\" sizes=\"(max-width: 300px) 100vw, 300px\" \/><\/a><\/div><div class=\"uael-woo-products-summary-wrap\">\t\t\t<span class=\"uael-woo-product-category\">\n\t\t\t\tEmbutidos ib\u00e9ricos\t\t\t<\/span> \n\t\t\t<a href=\"https:\/\/www.ibericospefran.com\/en\/iberico\/chorizo-cular-extra-iberico-de-bellota\/\" class=\"uael-loop-product__link\"><h2 class=\"woocommerce-loop-product__title\">Cular Chorizo 'Pefr\u00e1n Maestro'<\/h2><\/a><\/div>\t<\/div>\n<\/li>\n<\/ul>\n<\/div><\/div>\t\t\t\t<\/div>\n\t\t\t\t<\/div>\n\t\t\t\t\t<\/div>\n\t\t<\/div>\n\t\t\t\t<div class=\"elementor-column elementor-col-33 elementor-top-column elementor-element elementor-element-1faacd3 elementor-hidden-mobile\" data-id=\"1faacd3\" data-element_type=\"column\" data-e-type=\"column\">\n\t\t\t<div class=\"elementor-widget-wrap\">\n\t\t\t\t\t\t\t<\/div>\n\t\t<\/div>\n\t\t\t\t\t<\/div>\n\t\t<\/section>\n\t\t\t\t<\/div>","protected":false},"excerpt":{"rendered":"<p>Chorizo &#8216;Pefr\u00e1n Maestro&#8217; (Chorizo cular bellota extra ib\u00e9rico) Elaborado con magros ib\u00e9ricos de calidad extra piment\u00f3n, sal, ajo y or\u00e9gano y siguiendo el m\u00e9todo familiar, &hellip;<\/p>\n<p class=\"read-more\"> <a class=\"\" href=\"https:\/\/www.ibericospefran.com\/en\/iberico\/chorizo-cular-extra-iberico-de-bellota\/\"> <span class=\"screen-reader-text\">Cular Chorizo 'Pefr\u00e1n Maestro'<\/span> Read More &raquo;<\/a><\/p>","protected":false},"author":1,"featured_media":0,"parent":6,"menu_order":0,"comment_status":"closed","ping_status":"closed","template":"","meta":{"_acf_changed":false,"site-sidebar-layout":"no-sidebar","site-content-layout":"page-builder","ast-global-header-display":"","ast-banner-title-visibility":"","ast-main-header-display":"","ast-hfb-above-header-display":"","ast-hfb-below-header-display":"","ast-hfb-mobile-header-display":"","site-post-title":"disabled","ast-breadcrumbs-content":"","ast-featured-img":"disabled","footer-sml-layout":"","theme-transparent-header-meta":"","adv-header-id-meta":"","stick-header-meta":"","header-above-stick-meta":"","header-main-stick-meta":"","header-below-stick-meta":"","footnotes":""},"class_list":["post-1790","page","type-page","status-publish","hentry","desktop-align-center","tablet-align-center","mobile-align-center","ast-product-gallery-layout-vertical","ast-magnify-disabled"],"acf":[],"yoast_head":"<!-- This site is optimized with the Yoast SEO plugin v21.8 - https:\/\/yoast.com\/wordpress\/plugins\/seo\/ -->\n<title>Chorizo &#039;Pefr\u00e1n Maestro&#039; - Pefran<\/title>\n<meta name=\"robots\" content=\"index, follow, max-snippet:-1, max-image-preview:large, max-video-preview:-1\" \/>\n<link rel=\"canonical\" href=\"https:\/\/www.ibericospefran.com\/en\/nuestra-despensa\/chorizo-pefran-maestro\/\" \/>\n<meta property=\"og:locale\" content=\"en_GB\" \/>\n<meta property=\"og:type\" content=\"article\" \/>\n<meta property=\"og:title\" content=\"Chorizo &#039;Pefr\u00e1n Maestro&#039; - Pefran\" \/>\n<meta property=\"og:description\" content=\"Chorizo &#8216;Pefr\u00e1n Maestro&#8217; (Chorizo cular bellota extra ib\u00e9rico) Elaborado con magros ib\u00e9ricos de calidad extra piment\u00f3n, sal, ajo y or\u00e9gano y siguiendo el m\u00e9todo familiar, &hellip; Chorizo Cular &#8216;Pefr\u00e1n Maestro&#8217; Read More &raquo;\" \/>\n<meta property=\"og:url\" content=\"https:\/\/www.ibericospefran.com\/en\/nuestra-despensa\/chorizo-pefran-maestro\/\" \/>\n<meta property=\"og:site_name\" content=\"Pefran\" \/>\n<meta property=\"article:publisher\" content=\"https:\/\/www.facebook.com\/ibericospefran\" \/>\n<meta property=\"article:modified_time\" content=\"2023-03-02T08:02:07+00:00\" \/>\n<meta property=\"og:image\" content=\"https:\/\/www.ibericospefran.com\/wp-content\/uploads\/2023\/02\/sin-gluten.jpg\" \/>\n<meta name=\"twitter:card\" content=\"summary_large_image\" \/>\n<script type=\"application\/ld+json\" class=\"yoast-schema-graph\">{\"@context\":\"https:\/\/schema.org\",\"@graph\":[{\"@type\":\"WebPage\",\"@id\":\"https:\/\/www.ibericospefran.com\/nuestra-despensa\/chorizo-pefran-maestro\/\",\"url\":\"https:\/\/www.ibericospefran.com\/nuestra-despensa\/chorizo-pefran-maestro\/\",\"name\":\"Chorizo 'Pefr\u00e1n Maestro' - Pefran\",\"isPartOf\":{\"@id\":\"https:\/\/www.ibericospefran.com\/#website\"},\"datePublished\":\"2023-02-27T16:58:55+00:00\",\"dateModified\":\"2023-03-02T08:02:07+00:00\",\"breadcrumb\":{\"@id\":\"https:\/\/www.ibericospefran.com\/nuestra-despensa\/chorizo-pefran-maestro\/#breadcrumb\"},\"inLanguage\":\"en-GB\",\"potentialAction\":[{\"@type\":\"ReadAction\",\"target\":[\"https:\/\/www.ibericospefran.com\/nuestra-despensa\/chorizo-pefran-maestro\/\"]}]},{\"@type\":\"BreadcrumbList\",\"@id\":\"https:\/\/www.ibericospefran.com\/nuestra-despensa\/chorizo-pefran-maestro\/#breadcrumb\",\"itemListElement\":[{\"@type\":\"ListItem\",\"position\":1,\"name\":\"Portada\",\"item\":\"https:\/\/www.ibericospefran.com\/\"},{\"@type\":\"ListItem\",\"position\":2,\"name\":\"Nuestra despensa\",\"item\":\"https:\/\/www.ibericospefran.com\/nuestra-despensa\/\"},{\"@type\":\"ListItem\",\"position\":3,\"name\":\"Chorizo &#8216;Pefr\u00e1n Maestro&#8217;\"}]},{\"@type\":\"WebSite\",\"@id\":\"https:\/\/www.ibericospefran.com\/#website\",\"url\":\"https:\/\/www.ibericospefran.com\/\",\"name\":\"Ib\u00e9ricos Pefr\u00e1n\",\"description\":\"Embutidos ib\u00e9ricos\",\"publisher\":{\"@id\":\"https:\/\/www.ibericospefran.com\/#organization\"},\"potentialAction\":[{\"@type\":\"SearchAction\",\"target\":{\"@type\":\"EntryPoint\",\"urlTemplate\":\"https:\/\/www.ibericospefran.com\/?s={search_term_string}\"},\"query-input\":\"required name=search_term_string\"}],\"inLanguage\":\"en-GB\"},{\"@type\":\"Organization\",\"@id\":\"https:\/\/www.ibericospefran.com\/#organization\",\"name\":\"Ib\u00e9ricos Pefr\u00e1n\",\"url\":\"https:\/\/www.ibericospefran.com\/\",\"logo\":{\"@type\":\"ImageObject\",\"inLanguage\":\"en-GB\",\"@id\":\"https:\/\/www.ibericospefran.com\/#\/schema\/logo\/image\/\",\"url\":\"https:\/\/www.ibericospefran.com\/wp-content\/uploads\/2022\/11\/Logo_PEFRAN_naturalmente.svg\",\"contentUrl\":\"https:\/\/www.ibericospefran.com\/wp-content\/uploads\/2022\/11\/Logo_PEFRAN_naturalmente.svg\",\"width\":100,\"height\":100,\"caption\":\"Ib\u00e9ricos Pefr\u00e1n\"},\"image\":{\"@id\":\"https:\/\/www.ibericospefran.com\/#\/schema\/logo\/image\/\"},\"sameAs\":[\"https:\/\/www.facebook.com\/ibericospefran\",\"https:\/\/www.linkedin.com\/company\/ibericos-pefran\",\"https:\/\/www.instagram.com\/ibericospefran\/\"]}]}<\/script>\n<!-- \/ Yoast SEO plugin. -->","yoast_head_json":{"title":"Chorizo 'Pefr\u00e1n Maestro' - Pefran","robots":{"index":"index","follow":"follow","max-snippet":"max-snippet:-1","max-image-preview":"max-image-preview:large","max-video-preview":"max-video-preview:-1"},"canonical":"https:\/\/www.ibericospefran.com\/en\/nuestra-despensa\/chorizo-pefran-maestro\/","og_locale":"en_GB","og_type":"article","og_title":"Chorizo 'Pefr\u00e1n Maestro' - Pefran","og_description":"Chorizo &#8216;Pefr\u00e1n Maestro&#8217; (Chorizo cular bellota extra ib\u00e9rico) Elaborado con magros ib\u00e9ricos de calidad extra piment\u00f3n, sal, ajo y or\u00e9gano y siguiendo el m\u00e9todo familiar, &hellip; Chorizo Cular &#8216;Pefr\u00e1n Maestro&#8217; Read More &raquo;","og_url":"https:\/\/www.ibericospefran.com\/en\/nuestra-despensa\/chorizo-pefran-maestro\/","og_site_name":"Pefran","article_publisher":"https:\/\/www.facebook.com\/ibericospefran","article_modified_time":"2023-03-02T08:02:07+00:00","og_image":[{"url":"https:\/\/www.ibericospefran.com\/wp-content\/uploads\/2023\/02\/sin-gluten.jpg"}],"twitter_card":"summary_large_image","schema":{"@context":"https:\/\/schema.org","@graph":[{"@type":"WebPage","@id":"https:\/\/www.ibericospefran.com\/nuestra-despensa\/chorizo-pefran-maestro\/","url":"https:\/\/www.ibericospefran.com\/nuestra-despensa\/chorizo-pefran-maestro\/","name":"Chorizo 'Pefr\u00e1n Maestro' - Pefran","isPartOf":{"@id":"https:\/\/www.ibericospefran.com\/#website"},"datePublished":"2023-02-27T16:58:55+00:00","dateModified":"2023-03-02T08:02:07+00:00","breadcrumb":{"@id":"https:\/\/www.ibericospefran.com\/nuestra-despensa\/chorizo-pefran-maestro\/#breadcrumb"},"inLanguage":"en-GB","potentialAction":[{"@type":"ReadAction","target":["https:\/\/www.ibericospefran.com\/nuestra-despensa\/chorizo-pefran-maestro\/"]}]},{"@type":"BreadcrumbList","@id":"https:\/\/www.ibericospefran.com\/nuestra-despensa\/chorizo-pefran-maestro\/#breadcrumb","itemListElement":[{"@type":"ListItem","position":1,"name":"Portada","item":"https:\/\/www.ibericospefran.com\/"},{"@type":"ListItem","position":2,"name":"Nuestra despensa","item":"https:\/\/www.ibericospefran.com\/nuestra-despensa\/"},{"@type":"ListItem","position":3,"name":"Chorizo &#8216;Pefr\u00e1n Maestro&#8217;"}]},{"@type":"WebSite","@id":"https:\/\/www.ibericospefran.com\/#website","url":"https:\/\/www.ibericospefran.com\/","name":"Ib\u00e9ricos Pefr\u00e1n","description":"Embutidos ib\u00e9ricos","publisher":{"@id":"https:\/\/www.ibericospefran.com\/#organization"},"potentialAction":[{"@type":"SearchAction","target":{"@type":"EntryPoint","urlTemplate":"https:\/\/www.ibericospefran.com\/?s={search_term_string}"},"query-input":"required name=search_term_string"}],"inLanguage":"en-GB"},{"@type":"Organization","@id":"https:\/\/www.ibericospefran.com\/#organization","name":"Ib\u00e9ricos Pefr\u00e1n","url":"https:\/\/www.ibericospefran.com\/","logo":{"@type":"ImageObject","inLanguage":"en-GB","@id":"https:\/\/www.ibericospefran.com\/#\/schema\/logo\/image\/","url":"https:\/\/www.ibericospefran.com\/wp-content\/uploads\/2022\/11\/Logo_PEFRAN_naturalmente.svg","contentUrl":"https:\/\/www.ibericospefran.com\/wp-content\/uploads\/2022\/11\/Logo_PEFRAN_naturalmente.svg","width":100,"height":100,"caption":"Ib\u00e9ricos Pefr\u00e1n"},"image":{"@id":"https:\/\/www.ibericospefran.com\/#\/schema\/logo\/image\/"},"sameAs":["https:\/\/www.facebook.com\/ibericospefran","https:\/\/www.linkedin.com\/company\/ibericos-pefran","https:\/\/www.instagram.com\/ibericospefran\/"]}]}},"_links":{"self":[{"href":"https:\/\/www.ibericospefran.com\/en\/wp-json\/wp\/v2\/pages\/1790","targetHints":{"allow":["GET"]}}],"collection":[{"href":"https:\/\/www.ibericospefran.com\/en\/wp-json\/wp\/v2\/pages"}],"about":[{"href":"https:\/\/www.ibericospefran.com\/en\/wp-json\/wp\/v2\/types\/page"}],"author":[{"embeddable":true,"href":"https:\/\/www.ibericospefran.com\/en\/wp-json\/wp\/v2\/users\/1"}],"replies":[{"embeddable":true,"href":"https:\/\/www.ibericospefran.com\/en\/wp-json\/wp\/v2\/comments?post=1790"}],"version-history":[{"count":22,"href":"https:\/\/www.ibericospefran.com\/en\/wp-json\/wp\/v2\/pages\/1790\/revisions"}],"predecessor-version":[{"id":2134,"href":"https:\/\/www.ibericospefran.com\/en\/wp-json\/wp\/v2\/pages\/1790\/revisions\/2134"}],"up":[{"embeddable":true,"href":"https:\/\/www.ibericospefran.com\/en\/wp-json\/wp\/v2\/pages\/6"}],"wp:attachment":[{"href":"https:\/\/www.ibericospefran.com\/en\/wp-json\/wp\/v2\/media?parent=1790"}],"curies":[{"name":"wp","href":"https:\/\/api.w.org\/{rel}","templated":true}]}}